{"id":706,"date":"2022-06-21T12:29:41","date_gmt":"2022-06-21T12:29:41","guid":{"rendered":"https:\/\/www.hydrofy.com\/?page_id=706"},"modified":"2022-07-19T13:42:03","modified_gmt":"2022-07-19T13:42:03","slug":"ruckruf-anfordern","status":"publish","type":"page","link":"https:\/\/www.hydrofy.com\/en\/ruckruf-anfordern\/","title":{"rendered":"Request callback"},"content":{"rendered":"\t\t<div data-elementor-type=\"wp-page\" data-elementor-id=\"706\" class=\"elementor elementor-706\" data-elementor-post-type=\"page\">\n\t\t\t\t\t\t<section class=\"elementor-section elementor-top-section elementor-element elementor-element-4c0f52a elementor-section-boxed elementor-section-height-default elementor-section-height-default\" data-id=\"4c0f52a\" data-element_type=\"section\" data-e-type=\"section\">\n\t\t\t\t\t\t<div class=\"elementor-container elementor-column-gap-wider\">\n\t\t\t\t\t<div class=\"elementor-column elementor-col-33 elementor-top-column elementor-element elementor-element-12e60a7\" data-id=\"12e60a7\" data-element_type=\"column\" data-e-type=\"column\">\n\t\t\t<div class=\"elementor-widget-wrap\">\n\t\t\t\t\t\t\t<\/div>\n\t\t<\/div>\n\t\t\t\t<div class=\"elementor-column elementor-col-33 elementor-top-column elementor-element elementor-element-b2be6f4\" data-id=\"b2be6f4\" data-element_type=\"column\" data-e-type=\"column\">\n\t\t\t<div class=\"elementor-widget-wrap elementor-element-populated\">\n\t\t\t\t\t\t<div class=\"elementor-element elementor-element-63a5f57 elementor-widget elementor-widget-heading\" data-id=\"63a5f57\" data-element_type=\"widget\" data-e-type=\"widget\" data-widget_type=\"heading.default\">\n\t\t\t\t<div class=\"elementor-widget-container\">\n\t\t\t\t\t<h2 class=\"elementor-heading-title elementor-size-default\">R\u00fcckruf anfordern<\/h2>\t\t\t\t<\/div>\n\t\t\t\t<\/div>\n\t\t\t\t<div class=\"elementor-element elementor-element-9e2c611 elementor-widget elementor-widget-wpforms\" data-id=\"9e2c611\" data-element_type=\"widget\" data-e-type=\"widget\" data-widget_type=\"wpforms.default\">\n\t\t\t\t<div class=\"elementor-widget-container\">\n\t\t\t\t\t<div class=\"wpforms-container wpforms-container-full\" id=\"wpforms-1895\"><form id=\"wpforms-form-1895\" class=\"wpforms-validate wpforms-form wpforms-ajax-form\" data-formid=\"1895\" method=\"post\" enctype=\"multipart\/form-data\" action=\"\/en\/wp-json\/wp\/v2\/pages\/706\" data-token=\"fb7fb5cfd735c25f73b98ddd79a783d9\"><noscript class=\"wpforms-error-noscript\">Please enable JavaScript in your browser to complete this form.<\/noscript><div class=\"wpforms-field-container\"><div id=\"wpforms-1895-field_1-container\" class=\"wpforms-field wpforms-field-text\" data-field-id=\"1\"><label class=\"wpforms-field-label wpforms-label-hide\" for=\"wpforms-1895-field_1\">Name<\/label><input type=\"text\" id=\"wpforms-1895-field_1\" class=\"wpforms-field-large\" name=\"wpforms[fields][1]\" placeholder=\"Name\" ><\/div><div id=\"wpforms-1895-field_2-container\" class=\"wpforms-field wpforms-field-text\" data-field-id=\"2\"><label class=\"wpforms-field-label wpforms-label-hide\" for=\"wpforms-1895-field_2\">Unternehmen<\/label><input type=\"text\" id=\"wpforms-1895-field_2\" class=\"wpforms-field-large\" name=\"wpforms[fields][2]\" placeholder=\"Unternehmen\" ><\/div><div id=\"wpforms-1895-field_3-container\" class=\"wpforms-field wpforms-field-phone\" data-field-id=\"3\"><label class=\"wpforms-field-label wpforms-label-hide\" for=\"wpforms-1895-field_3\">Telefonnummer <span class=\"wpforms-required-label\">*<\/span><\/label><input type=\"tel\" id=\"wpforms-1895-field_3\" class=\"wpforms-field-large wpforms-field-required wpforms-smart-phone-field\" data-rule-smart-phone-field=\"true\" name=\"wpforms[fields][3]\" placeholder=\"Telefonnummer\" required><\/div><div id=\"wpforms-1895-field_4-container\" class=\"wpforms-field wpforms-field-select wpforms-field-select-style-classic\" data-field-id=\"4\"><label class=\"wpforms-field-label wpforms-label-hide\" for=\"wpforms-1895-field_4\">bevorzugter Tag<\/label><select id=\"wpforms-1895-field_4\" class=\"wpforms-field-large\" name=\"wpforms[fields][4]\"><option value=\"\" class=\"placeholder\" disabled  selected='selected'>bevorzugter Tag<\/option><option value=\"So fr\u00fch wie m\u00f6glich\" >So fr\u00fch wie m\u00f6glich<\/option><option value=\"Im Laufe der Woche\" >Im Laufe der Woche<\/option><\/select><\/div><div id=\"wpforms-1895-field_5-container\" class=\"wpforms-field wpforms-field-select wpforms-field-select-style-classic\" data-field-id=\"5\"><label class=\"wpforms-field-label wpforms-label-hide\" for=\"wpforms-1895-field_5\">Zeit<\/label><select id=\"wpforms-1895-field_5\" class=\"wpforms-field-large\" name=\"wpforms[fields][5]\"><option value=\"\" class=\"placeholder\" disabled  selected='selected'>Zeit<\/option><option value=\"Vormittag (9:00 bis 12:00)\" >Vormittag (9:00 bis 12:00)<\/option><option value=\"Nachmittag (13:00 bis 17:00)\" >Nachmittag (13:00 bis 17:00)<\/option><option value=\"Abends (17:00 bis 19:30)\" >Abends (17:00 bis 19:30)<\/option><option value=\"Egal wann\" >Egal wann<\/option><\/select><\/div><div id=\"wpforms-1895-field_6-container\" class=\"wpforms-field wpforms-field-textarea\" data-field-id=\"6\"><label class=\"wpforms-field-label wpforms-label-hide\" for=\"wpforms-1895-field_6\">Zus\u00e4tzliche Informationen <span class=\"wpforms-required-label\">*<\/span><\/label><textarea id=\"wpforms-1895-field_6\" class=\"wpforms-field-medium wpforms-field-required\" name=\"wpforms[fields][6]\" placeholder=\"Zus\u00e4tzliche Informationen\" required><\/textarea><\/div><div id=\"wpforms-1895-field_7-container\" class=\"wpforms-field wpforms-field-checkbox\" data-field-id=\"7\"><label class=\"wpforms-field-label wpforms-label-hide\" for=\"wpforms-1895-field_7\">Acceptance <span class=\"wpforms-required-label\">*<\/span><\/label><ul id=\"wpforms-1895-field_7\" class=\"wpforms-field-required\"><li class=\"choice-1 depth-1\"><input type=\"checkbox\" id=\"wpforms-1895-field_7_1\" name=\"wpforms[fields][7][]\" value=\"Ich akzeptiere die Verarbeitung meiner Daten zum Zweck der Kontaktanfrage gem\u00e4\u00df Datenschutzerkl\u00e4rung.\" required ><label class=\"wpforms-field-label-inline\" for=\"wpforms-1895-field_7_1\">Ich akzeptiere die Verarbeitung meiner Daten zum Zweck der Kontaktanfrage gem\u00e4\u00df Datenschutzerkl\u00e4rung.<\/label><\/li><\/ul><\/div><\/div><div class=\"wpforms-recaptcha-container wpforms-is-recaptcha\"><div class=\"g-recaptcha\" data-sitekey=\"6LfsPRkhAAAAAJNzJpDmev-6ohvLQdiy3G8u3QW8\"><\/div><input type=\"text\" name=\"g-recaptcha-hidden\" class=\"wpforms-recaptcha-hidden\" style=\"position:absolute!important;clip:rect(0,0,0,0)!important;height:1px!important;width:1px!important;border:0!important;overflow:hidden!important;padding:0!important;margin:0!important;\" required><\/div><div class=\"wpforms-submit-container\"><input type=\"hidden\" name=\"wpforms[id]\" value=\"1895\"><input type=\"hidden\" name=\"wpforms[author]\" value=\"1\"><button type=\"submit\" name=\"wpforms[submit]\" id=\"wpforms-submit-1895\" class=\"wpforms-submit\" data-alt-text=\"Wird gesendet...\" data-submit-text=\"Best\u00e4tigen\" aria-live=\"assertive\" value=\"wpforms-submit\">Best\u00e4tigen<\/button><img decoding=\"async\" src=\"https:\/\/www.hydrofy.com\/wp-content\/plugins\/wpforms\/assets\/images\/submit-spin.svg\" class=\"wpforms-submit-spinner\" style=\"display: none;\" width=\"26\" height=\"26\" alt=\"\"><\/div><\/form><\/div>  <!-- .wpforms-container -->\t\t\t\t<\/div>\n\t\t\t\t<\/div>\n\t\t\t\t\t<\/div>\n\t\t<\/div>\n\t\t\t\t<div class=\"elementor-column elementor-col-33 elementor-top-column elementor-element elementor-element-e0f57ad\" data-id=\"e0f57ad\" data-element_type=\"column\" data-e-type=\"column\">\n\t\t\t<div class=\"elementor-widget-wrap\">\n\t\t\t\t\t\t\t<\/div>\n\t\t<\/div>\n\t\t\t\t\t<\/div>\n\t\t<\/section>\n\t\t\t\t<\/div>\n\t\t","protected":false},"excerpt":{"rendered":"","protected":false},"author":1,"featured_media":0,"parent":0,"menu_order":0,"comment_status":"closed","ping_status":"closed","template":"elementor_header_footer","meta":{"footnotes":""},"class_list":["post-706","page","type-page","status-publish","hentry"],"_links":{"self":[{"href":"https:\/\/www.hydrofy.com\/en\/wp-json\/wp\/v2\/pages\/706","targetHints":{"allow":["GET"]}}],"collection":[{"href":"https:\/\/www.hydrofy.com\/en\/wp-json\/wp\/v2\/pages"}],"about":[{"href":"https:\/\/www.hydrofy.com\/en\/wp-json\/wp\/v2\/types\/page"}],"author":[{"embeddable":true,"href":"https:\/\/www.hydrofy.com\/en\/wp-json\/wp\/v2\/users\/1"}],"replies":[{"embeddable":true,"href":"https:\/\/www.hydrofy.com\/en\/wp-json\/wp\/v2\/comments?post=706"}],"version-history":[{"count":19,"href":"https:\/\/www.hydrofy.com\/en\/wp-json\/wp\/v2\/pages\/706\/revisions"}],"predecessor-version":[{"id":1913,"href":"https:\/\/www.hydrofy.com\/en\/wp-json\/wp\/v2\/pages\/706\/revisions\/1913"}],"wp:attachment":[{"href":"https:\/\/www.hydrofy.com\/en\/wp-json\/wp\/v2\/media?parent=706"}],"curies":[{"name":"wp","href":"https:\/\/api.w.org\/{rel}","templated":true}]}}